{"id":1943,"date":"2025-11-28T19:28:38","date_gmt":"2025-11-28T19:28:38","guid":{"rendered":"https:\/\/vintagegulf.com\/?post_type=product&#038;p=1943"},"modified":"2025-11-28T20:05:56","modified_gmt":"2025-11-28T20:05:56","slug":"tank-americaine-watch","status":"publish","type":"product","link":"https:\/\/vintagegulf.com\/ar\/product\/tank-americaine-watch\/","title":{"rendered":"Tank Americaine watch"},"content":{"rendered":"","protected":false},"excerpt":{"rendered":"<p>Tank watch is an icon of modern watchmaking. The sleek design of this wristwatch, combining geometry with accurate proportions, defines its bold identity. Immediately recognizable and always in tune with the times, the Tank has been reinterpreted for over a century in a host of variations that remain faithful to the spirit of the original design: Tank Cintr\u00e9e, Tank Chinoise, Tank Am\u00e9ricaine, Tank Fran\u00e7aise&#8230;<\/p>\n<p class=\"pdp__product-spec\">Tank Am\u00e9ricaine watch, large model, mechanical movement with automatic winding. Steel case, faceted crown with a faceted synthetic blue spinel. Silvered satin-brushed dial, blued-steel sword-shaped hands, sapphire crystal. Semi-matte navy blue alligator-skin strap, interchangeable steel folding buckle. Case dimensions: 44.4 mm x 24.4 mm, thickness: 8.6 mm. Water-resistant up to 3 bar (approx. 30 meters\/100 feet).<\/p>\n","protected":false},"featured_media":1948,"template":"","meta":[],"product_brand":[],"product_cat":[91,96,84],"product_tag":[],"class_list":{"0":"post-1943","1":"product","2":"type-product","3":"status-publish","4":"has-post-thumbnail","6":"product_cat-watches-women","7":"product_cat-watches-men","8":"product_cat-women","10":"first","11":"instock","12":"shipping-taxable","13":"purchasable","14":"product-type-simple"},"jetpack_sharing_enabled":true,"_links":{"self":[{"href":"https:\/\/vintagegulf.com\/ar\/wp-json\/wp\/v2\/product\/1943","targetHints":{"allow":["GET"]}}],"collection":[{"href":"https:\/\/vintagegulf.com\/ar\/wp-json\/wp\/v2\/product"}],"about":[{"href":"https:\/\/vintagegulf.com\/ar\/wp-json\/wp\/v2\/types\/product"}],"wp:featuredmedia":[{"embeddable":true,"href":"https:\/\/vintagegulf.com\/ar\/wp-json\/wp\/v2\/media\/1948"}],"wp:attachment":[{"href":"https:\/\/vintagegulf.com\/ar\/wp-json\/wp\/v2\/media?parent=1943"}],"wp:term":[{"taxonomy":"product_brand","embeddable":true,"href":"https:\/\/vintagegulf.com\/ar\/wp-json\/wp\/v2\/product_brand?post=1943"},{"taxonomy":"product_cat","embeddable":true,"href":"https:\/\/vintagegulf.com\/ar\/wp-json\/wp\/v2\/product_cat?post=1943"},{"taxonomy":"product_tag","embeddable":true,"href":"https:\/\/vintagegulf.com\/ar\/wp-json\/wp\/v2\/product_tag?post=1943"}],"curies":[{"name":"wp","href":"https:\/\/api.w.org\/{rel}","templated":true}]}}